{"id":3902,"date":"2022-03-11T17:39:48","date_gmt":"2022-03-11T16:39:48","guid":{"rendered":"https:\/\/mission-freedom.de\/?post_type=product&#038;p=3902"},"modified":"2022-04-28T11:33:24","modified_gmt":"2022-04-28T09:33:24","slug":"thomas-schirrmacher-menschenhandel-die-rueckkehr-der-sklaverei","status":"publish","type":"product","link":"https:\/\/mission-freedom.de\/en\/shop\/thomas-schirrmacher-menschenhandel-die-rueckkehr-der-sklaverei\/","title":{"rendered":"Thomas Schirrmacher \u201eMenschenhandel: Die R\u00fcckkehr der Sklaverei\u201c"},"content":{"rendered":"<p>Prof. Dr. Thomas Schirrmacher ist Pr\u00e4sident des internationalen Rates f\u00fcr Menschenrechte und Sprecher f\u00fcr Menschenrechte der weltweiten evangelischen Allianz. Er kl\u00e4rt mit seinen B\u00fcchern \u00fcber das Thema Menschenhandel auf und zeigt, wie man etwas dagegen tun kann.<\/p>\n","protected":false},"excerpt":{"rendered":"<p>Prof. Dr. Thomas Schirrmacher kl\u00e4rt mit seinen B\u00fcchern \u00fcber das Thema Menschenhandel auf und zeigt, wie man etwas dagegen tun kann.<\/p>\n","protected":false},"featured_media":4403,"template":"","meta":[],"product_brand":[],"product_cat":[44],"product_tag":[39],"class_list":{"0":"post-3902","1":"product","2":"type-product","3":"status-publish","4":"has-post-thumbnail","6":"product_cat-buecher","7":"product_tag-home","8":"product_shipping_class-versand-inklusive","10":"first","11":"instock","12":"shipping-taxable","13":"purchasable","14":"product-type-variable","15":"has-default-attributes"},"yoast_head":"<!-- This site is optimized with the Yoast SEO plugin v27.2 - https:\/\/yoast.com\/product\/yoast-seo-wordpress\/ -->\n<title>Thomas Schirrmacher \u201eMenschenhandel: Die R\u00fcckkehr der Sklaverei\u201c &#8211; Mission Freedom<\/title>\n<meta name=\"robots\" content=\"index, follow, max-snippet:-1, max-image-preview:large, max-video-preview:-1\" \/>\n<link rel=\"canonical\" href=\"https:\/\/mission-freedom.de\/shop\/thomas-schirrmacher-menschenhandel-die-rueckkehr-der-sklaverei\/\" \/>\n<meta property=\"og:locale\" content=\"en_US\" \/>\n<meta property=\"og:type\" content=\"article\" \/>\n<meta property=\"og:title\" content=\"Thomas Schirrmacher \u201eMenschenhandel: Die R\u00fcckkehr der Sklaverei\u201c &#8211; Mission Freedom\" \/>\n<meta property=\"og:description\" content=\"Prof. Dr. Thomas Schirrmacher kl\u00e4rt mit seinen B\u00fcchern \u00fcber das Thema Menschenhandel auf und zeigt, wie man etwas dagegen tun kann.\" \/>\n<meta property=\"og:url\" content=\"https:\/\/mission-freedom.de\/shop\/thomas-schirrmacher-menschenhandel-die-rueckkehr-der-sklaverei\/\" \/>\n<meta property=\"og:site_name\" content=\"Mission Freedom\" \/>\n<meta property=\"article:modified_time\" content=\"2022-04-28T09:33:24+00:00\" \/>\n<meta property=\"og:image\" content=\"https:\/\/mission-freedom.de\/wp-content\/uploads\/2022\/03\/395867000.jpg\" \/>\n\t<meta property=\"og:image:width\" content=\"600\" \/>\n\t<meta property=\"og:image:height\" content=\"600\" \/>\n\t<meta property=\"og:image:type\" content=\"image\/jpeg\" \/>\n<meta name=\"twitter:card\" content=\"summary_large_image\" \/>\n<script type=\"application\/ld+json\" class=\"yoast-schema-graph\">{\"@context\":\"https:\/\/schema.org\",\"@graph\":[{\"@type\":\"WebPage\",\"@id\":\"https:\/\/mission-freedom.de\/shop\/thomas-schirrmacher-menschenhandel-die-rueckkehr-der-sklaverei\/\",\"url\":\"https:\/\/mission-freedom.de\/shop\/thomas-schirrmacher-menschenhandel-die-rueckkehr-der-sklaverei\/\",\"name\":\"Thomas Schirrmacher \u201eMenschenhandel: Die R\u00fcckkehr der Sklaverei\u201c &#8211; Mission Freedom\",\"isPartOf\":{\"@id\":\"https:\/\/mission-freedom.de\/#website\"},\"primaryImageOfPage\":{\"@id\":\"https:\/\/mission-freedom.de\/shop\/thomas-schirrmacher-menschenhandel-die-rueckkehr-der-sklaverei\/#primaryimage\"},\"image\":{\"@id\":\"https:\/\/mission-freedom.de\/shop\/thomas-schirrmacher-menschenhandel-die-rueckkehr-der-sklaverei\/#primaryimage\"},\"thumbnailUrl\":\"https:\/\/mission-freedom.de\/wp-content\/uploads\/2022\/03\/395867000.jpg\",\"datePublished\":\"2022-03-11T16:39:48+00:00\",\"dateModified\":\"2022-04-28T09:33:24+00:00\",\"breadcrumb\":{\"@id\":\"https:\/\/mission-freedom.de\/shop\/thomas-schirrmacher-menschenhandel-die-rueckkehr-der-sklaverei\/#breadcrumb\"},\"inLanguage\":\"en-US\",\"potentialAction\":[{\"@type\":\"ReadAction\",\"target\":[\"https:\/\/mission-freedom.de\/shop\/thomas-schirrmacher-menschenhandel-die-rueckkehr-der-sklaverei\/\"]}]},{\"@type\":\"ImageObject\",\"inLanguage\":\"en-US\",\"@id\":\"https:\/\/mission-freedom.de\/shop\/thomas-schirrmacher-menschenhandel-die-rueckkehr-der-sklaverei\/#primaryimage\",\"url\":\"https:\/\/mission-freedom.de\/wp-content\/uploads\/2022\/03\/395867000.jpg\",\"contentUrl\":\"https:\/\/mission-freedom.de\/wp-content\/uploads\/2022\/03\/395867000.jpg\",\"width\":600,\"height\":600},{\"@type\":\"BreadcrumbList\",\"@id\":\"https:\/\/mission-freedom.de\/shop\/thomas-schirrmacher-menschenhandel-die-rueckkehr-der-sklaverei\/#breadcrumb\",\"itemListElement\":[{\"@type\":\"ListItem\",\"position\":1,\"name\":\"Home\",\"item\":\"https:\/\/mission-freedom.de\/\"},{\"@type\":\"ListItem\",\"position\":2,\"name\":\"Shop\",\"item\":\"https:\/\/mission-freedom.de\/shop\/\"},{\"@type\":\"ListItem\",\"position\":3,\"name\":\"Thomas Schirrmacher \u201eMenschenhandel: Die R\u00fcckkehr der Sklaverei\u201c\"}]},{\"@type\":\"WebSite\",\"@id\":\"https:\/\/mission-freedom.de\/#website\",\"url\":\"https:\/\/mission-freedom.de\/\",\"name\":\"Mission Freedom\",\"description\":\"\",\"publisher\":{\"@id\":\"https:\/\/mission-freedom.de\/#organization\"},\"potentialAction\":[{\"@type\":\"SearchAction\",\"target\":{\"@type\":\"EntryPoint\",\"urlTemplate\":\"https:\/\/mission-freedom.de\/?s={search_term_string}\"},\"query-input\":{\"@type\":\"PropertyValueSpecification\",\"valueRequired\":true,\"valueName\":\"search_term_string\"}}],\"inLanguage\":\"en-US\"},{\"@type\":\"Organization\",\"@id\":\"https:\/\/mission-freedom.de\/#organization\",\"name\":\"MISSION FREEDOM e.V.\",\"url\":\"https:\/\/mission-freedom.de\/\",\"logo\":{\"@type\":\"ImageObject\",\"inLanguage\":\"en-US\",\"@id\":\"https:\/\/mission-freedom.de\/#\/schema\/logo\/image\/\",\"url\":\"https:\/\/mission-freedom.de\/wp-content\/uploads\/2021\/09\/logo-mission-freedom.jpg\",\"contentUrl\":\"https:\/\/mission-freedom.de\/wp-content\/uploads\/2021\/09\/logo-mission-freedom.jpg\",\"width\":401,\"height\":254,\"caption\":\"MISSION FREEDOM e.V.\"},\"image\":{\"@id\":\"https:\/\/mission-freedom.de\/#\/schema\/logo\/image\/\"}}]}<\/script>\n<!-- \/ Yoast SEO plugin. -->","yoast_head_json":{"title":"Thomas Schirrmacher \u201eMenschenhandel: Die R\u00fcckkehr der Sklaverei\u201c &#8211; Mission Freedom","robots":{"index":"index","follow":"follow","max-snippet":"max-snippet:-1","max-image-preview":"max-image-preview:large","max-video-preview":"max-video-preview:-1"},"canonical":"https:\/\/mission-freedom.de\/shop\/thomas-schirrmacher-menschenhandel-die-rueckkehr-der-sklaverei\/","og_locale":"en_US","og_type":"article","og_title":"Thomas Schirrmacher \u201eMenschenhandel: Die R\u00fcckkehr der Sklaverei\u201c &#8211; Mission Freedom","og_description":"Prof. Dr. Thomas Schirrmacher kl\u00e4rt mit seinen B\u00fcchern \u00fcber das Thema Menschenhandel auf und zeigt, wie man etwas dagegen tun kann.","og_url":"https:\/\/mission-freedom.de\/shop\/thomas-schirrmacher-menschenhandel-die-rueckkehr-der-sklaverei\/","og_site_name":"Mission Freedom","article_modified_time":"2022-04-28T09:33:24+00:00","og_image":[{"width":600,"height":600,"url":"https:\/\/mission-freedom.de\/wp-content\/uploads\/2022\/03\/395867000.jpg","type":"image\/jpeg"}],"twitter_card":"summary_large_image","schema":{"@context":"https:\/\/schema.org","@graph":[{"@type":"WebPage","@id":"https:\/\/mission-freedom.de\/shop\/thomas-schirrmacher-menschenhandel-die-rueckkehr-der-sklaverei\/","url":"https:\/\/mission-freedom.de\/shop\/thomas-schirrmacher-menschenhandel-die-rueckkehr-der-sklaverei\/","name":"Thomas Schirrmacher \u201eMenschenhandel: Die R\u00fcckkehr der Sklaverei\u201c &#8211; Mission Freedom","isPartOf":{"@id":"https:\/\/mission-freedom.de\/#website"},"primaryImageOfPage":{"@id":"https:\/\/mission-freedom.de\/shop\/thomas-schirrmacher-menschenhandel-die-rueckkehr-der-sklaverei\/#primaryimage"},"image":{"@id":"https:\/\/mission-freedom.de\/shop\/thomas-schirrmacher-menschenhandel-die-rueckkehr-der-sklaverei\/#primaryimage"},"thumbnailUrl":"https:\/\/mission-freedom.de\/wp-content\/uploads\/2022\/03\/395867000.jpg","datePublished":"2022-03-11T16:39:48+00:00","dateModified":"2022-04-28T09:33:24+00:00","breadcrumb":{"@id":"https:\/\/mission-freedom.de\/shop\/thomas-schirrmacher-menschenhandel-die-rueckkehr-der-sklaverei\/#breadcrumb"},"inLanguage":"en-US","potentialAction":[{"@type":"ReadAction","target":["https:\/\/mission-freedom.de\/shop\/thomas-schirrmacher-menschenhandel-die-rueckkehr-der-sklaverei\/"]}]},{"@type":"ImageObject","inLanguage":"en-US","@id":"https:\/\/mission-freedom.de\/shop\/thomas-schirrmacher-menschenhandel-die-rueckkehr-der-sklaverei\/#primaryimage","url":"https:\/\/mission-freedom.de\/wp-content\/uploads\/2022\/03\/395867000.jpg","contentUrl":"https:\/\/mission-freedom.de\/wp-content\/uploads\/2022\/03\/395867000.jpg","width":600,"height":600},{"@type":"BreadcrumbList","@id":"https:\/\/mission-freedom.de\/shop\/thomas-schirrmacher-menschenhandel-die-rueckkehr-der-sklaverei\/#breadcrumb","itemListElement":[{"@type":"ListItem","position":1,"name":"Home","item":"https:\/\/mission-freedom.de\/"},{"@type":"ListItem","position":2,"name":"Shop","item":"https:\/\/mission-freedom.de\/shop\/"},{"@type":"ListItem","position":3,"name":"Thomas Schirrmacher \u201eMenschenhandel: Die R\u00fcckkehr der Sklaverei\u201c"}]},{"@type":"WebSite","@id":"https:\/\/mission-freedom.de\/#website","url":"https:\/\/mission-freedom.de\/","name":"Mission Freedom","description":"","publisher":{"@id":"https:\/\/mission-freedom.de\/#organization"},"potentialAction":[{"@type":"SearchAction","target":{"@type":"EntryPoint","urlTemplate":"https:\/\/mission-freedom.de\/?s={search_term_string}"},"query-input":{"@type":"PropertyValueSpecification","valueRequired":true,"valueName":"search_term_string"}}],"inLanguage":"en-US"},{"@type":"Organization","@id":"https:\/\/mission-freedom.de\/#organization","name":"MISSION FREEDOM e.V.","url":"https:\/\/mission-freedom.de\/","logo":{"@type":"ImageObject","inLanguage":"en-US","@id":"https:\/\/mission-freedom.de\/#\/schema\/logo\/image\/","url":"https:\/\/mission-freedom.de\/wp-content\/uploads\/2021\/09\/logo-mission-freedom.jpg","contentUrl":"https:\/\/mission-freedom.de\/wp-content\/uploads\/2021\/09\/logo-mission-freedom.jpg","width":401,"height":254,"caption":"MISSION FREEDOM e.V."},"image":{"@id":"https:\/\/mission-freedom.de\/#\/schema\/logo\/image\/"}}]}},"_links":{"self":[{"href":"https:\/\/mission-freedom.de\/en\/wp-json\/wp\/v2\/product\/3902","targetHints":{"allow":["GET"]}}],"collection":[{"href":"https:\/\/mission-freedom.de\/en\/wp-json\/wp\/v2\/product"}],"about":[{"href":"https:\/\/mission-freedom.de\/en\/wp-json\/wp\/v2\/types\/product"}],"wp:featuredmedia":[{"embeddable":true,"href":"https:\/\/mission-freedom.de\/en\/wp-json\/wp\/v2\/media\/4403"}],"wp:attachment":[{"href":"https:\/\/mission-freedom.de\/en\/wp-json\/wp\/v2\/media?parent=3902"}],"wp:term":[{"taxonomy":"product_brand","embeddable":true,"href":"https:\/\/mission-freedom.de\/en\/wp-json\/wp\/v2\/product_brand?post=3902"},{"taxonomy":"product_cat","embeddable":true,"href":"https:\/\/mission-freedom.de\/en\/wp-json\/wp\/v2\/product_cat?post=3902"},{"taxonomy":"product_tag","embeddable":true,"href":"https:\/\/mission-freedom.de\/en\/wp-json\/wp\/v2\/product_tag?post=3902"}],"curies":[{"name":"wp","href":"https:\/\/api.w.org\/{rel}","templated":true}]}}