{"id":3929,"date":"2022-03-11T19:02:35","date_gmt":"2022-03-11T18:02:35","guid":{"rendered":"https:\/\/mission-freedom.de\/?post_type=product&#038;p=3929"},"modified":"2024-08-19T12:50:51","modified_gmt":"2024-08-19T10:50:51","slug":"flyer-mission-freedom","status":"publish","type":"product","link":"https:\/\/mission-freedom.de\/en\/shop\/flyer-mission-freedom\/","title":{"rendered":"10er-Set Flyer \u201eMISSION FREEDOM\u201c"},"content":{"rendered":"<p>Wenn Sie mit Flyern auf unsere Arbeit aufmerksam machen m\u00f6chten, schicken wir Ihnen gerne kostenlos unser Info-Material zu. Der Flyer informiert \u00fcber die Hintergr\u00fcnde, warum Frauen und Kinder in Zwangsprostitution landen. Er informiert \u00fcber unsere Arbeit und bietet Ideen, wie man ebenfalls aktiv werden kann.<\/p>\n<p>Geben Sie bitte an, wie viele 10er-Sets Sie ben\u00f6tigen.<\/p>\n<p>10 Flyer in einem Set, bei Wunsch nach mehr Flyern wird die Anzahl der 10er-Sets entsprechend erh\u00f6ht.<br \/>\nKostenlos gegen eine freiwillige Spende abzugeben.<\/p>\n","protected":false},"excerpt":{"rendered":"<p>Wenn Sie mit Flyern auf unsere Arbeit aufmerksam machen m\u00f6chten, schicken wir Ihnen gerne kostenlos unser Info-Material zu.<\/p>\n","protected":false},"featured_media":6916,"template":"","meta":[],"product_brand":[],"product_cat":[46],"product_tag":[39],"class_list":{"0":"post-3929","1":"product","2":"type-product","3":"status-publish","4":"has-post-thumbnail","6":"product_cat-werbematerial","7":"product_tag-home","8":"product_shipping_class-versand-inklusive","10":"first","11":"instock","12":"shipping-taxable","13":"purchasable","14":"product-type-simple"},"yoast_head":"<!-- This site is optimized with the Yoast SEO plugin v27.2 - https:\/\/yoast.com\/product\/yoast-seo-wordpress\/ -->\n<title>10er-Set Flyer \u201eMISSION FREEDOM\u201c &#8211; Mission Freedom<\/title>\n<meta name=\"robots\" content=\"index, follow, max-snippet:-1, max-image-preview:large, max-video-preview:-1\" \/>\n<link rel=\"canonical\" href=\"https:\/\/mission-freedom.de\/shop\/flyer-mission-freedom\/\" \/>\n<meta property=\"og:locale\" content=\"en_US\" \/>\n<meta property=\"og:type\" content=\"article\" \/>\n<meta property=\"og:title\" content=\"10er-Set Flyer \u201eMISSION FREEDOM\u201c &#8211; Mission Freedom\" \/>\n<meta property=\"og:description\" content=\"Wenn Sie mit Flyern auf unsere Arbeit aufmerksam machen m\u00f6chten, schicken wir Ihnen gerne kostenlos unser Info-Material zu.\" \/>\n<meta property=\"og:url\" content=\"https:\/\/mission-freedom.de\/shop\/flyer-mission-freedom\/\" \/>\n<meta property=\"og:site_name\" content=\"Mission Freedom\" \/>\n<meta property=\"article:modified_time\" content=\"2024-08-19T10:50:51+00:00\" \/>\n<meta name=\"twitter:card\" content=\"summary_large_image\" \/>\n<meta name=\"twitter:label1\" content=\"Est. reading time\" \/>\n\t<meta name=\"twitter:data1\" content=\"1 minute\" \/>\n<script type=\"application\/ld+json\" class=\"yoast-schema-graph\">{\"@context\":\"https:\/\/schema.org\",\"@graph\":[{\"@type\":\"WebPage\",\"@id\":\"https:\/\/mission-freedom.de\/shop\/flyer-mission-freedom\/\",\"url\":\"https:\/\/mission-freedom.de\/shop\/flyer-mission-freedom\/\",\"name\":\"10er-Set Flyer \u201eMISSION FREEDOM\u201c &#8211; Mission Freedom\",\"isPartOf\":{\"@id\":\"https:\/\/mission-freedom.de\/#website\"},\"primaryImageOfPage\":{\"@id\":\"https:\/\/mission-freedom.de\/shop\/flyer-mission-freedom\/#primaryimage\"},\"image\":{\"@id\":\"https:\/\/mission-freedom.de\/shop\/flyer-mission-freedom\/#primaryimage\"},\"thumbnailUrl\":\"https:\/\/mission-freedom.de\/wp-content\/uploads\/2022\/03\/MF_FK_Flyer_12seiter_Ansicht-pdf.jpg\",\"datePublished\":\"2022-03-11T18:02:35+00:00\",\"dateModified\":\"2024-08-19T10:50:51+00:00\",\"breadcrumb\":{\"@id\":\"https:\/\/mission-freedom.de\/shop\/flyer-mission-freedom\/#breadcrumb\"},\"inLanguage\":\"en-US\",\"potentialAction\":[{\"@type\":\"ReadAction\",\"target\":[\"https:\/\/mission-freedom.de\/shop\/flyer-mission-freedom\/\"]}]},{\"@type\":\"ImageObject\",\"inLanguage\":\"en-US\",\"@id\":\"https:\/\/mission-freedom.de\/shop\/flyer-mission-freedom\/#primaryimage\",\"url\":\"https:\/\/mission-freedom.de\/wp-content\/uploads\/2022\/03\/MF_FK_Flyer_12seiter_Ansicht-pdf.jpg\",\"contentUrl\":\"https:\/\/mission-freedom.de\/wp-content\/uploads\/2022\/03\/MF_FK_Flyer_12seiter_Ansicht-pdf.jpg\"},{\"@type\":\"BreadcrumbList\",\"@id\":\"https:\/\/mission-freedom.de\/shop\/flyer-mission-freedom\/#breadcrumb\",\"itemListElement\":[{\"@type\":\"ListItem\",\"position\":1,\"name\":\"Home\",\"item\":\"https:\/\/mission-freedom.de\/\"},{\"@type\":\"ListItem\",\"position\":2,\"name\":\"Shop\",\"item\":\"https:\/\/mission-freedom.de\/shop\/\"},{\"@type\":\"ListItem\",\"position\":3,\"name\":\"10er-Set Flyer \u201eMISSION FREEDOM\u201c\"}]},{\"@type\":\"WebSite\",\"@id\":\"https:\/\/mission-freedom.de\/#website\",\"url\":\"https:\/\/mission-freedom.de\/\",\"name\":\"Mission Freedom\",\"description\":\"\",\"publisher\":{\"@id\":\"https:\/\/mission-freedom.de\/#organization\"},\"potentialAction\":[{\"@type\":\"SearchAction\",\"target\":{\"@type\":\"EntryPoint\",\"urlTemplate\":\"https:\/\/mission-freedom.de\/?s={search_term_string}\"},\"query-input\":{\"@type\":\"PropertyValueSpecification\",\"valueRequired\":true,\"valueName\":\"search_term_string\"}}],\"inLanguage\":\"en-US\"},{\"@type\":\"Organization\",\"@id\":\"https:\/\/mission-freedom.de\/#organization\",\"name\":\"MISSION FREEDOM e.V.\",\"url\":\"https:\/\/mission-freedom.de\/\",\"logo\":{\"@type\":\"ImageObject\",\"inLanguage\":\"en-US\",\"@id\":\"https:\/\/mission-freedom.de\/#\/schema\/logo\/image\/\",\"url\":\"https:\/\/mission-freedom.de\/wp-content\/uploads\/2021\/09\/logo-mission-freedom.jpg\",\"contentUrl\":\"https:\/\/mission-freedom.de\/wp-content\/uploads\/2021\/09\/logo-mission-freedom.jpg\",\"width\":401,\"height\":254,\"caption\":\"MISSION FREEDOM e.V.\"},\"image\":{\"@id\":\"https:\/\/mission-freedom.de\/#\/schema\/logo\/image\/\"}}]}<\/script>\n<!-- \/ Yoast SEO plugin. -->","yoast_head_json":{"title":"10er-Set Flyer \u201eMISSION FREEDOM\u201c &#8211; Mission Freedom","robots":{"index":"index","follow":"follow","max-snippet":"max-snippet:-1","max-image-preview":"max-image-preview:large","max-video-preview":"max-video-preview:-1"},"canonical":"https:\/\/mission-freedom.de\/shop\/flyer-mission-freedom\/","og_locale":"en_US","og_type":"article","og_title":"10er-Set Flyer \u201eMISSION FREEDOM\u201c &#8211; Mission Freedom","og_description":"Wenn Sie mit Flyern auf unsere Arbeit aufmerksam machen m\u00f6chten, schicken wir Ihnen gerne kostenlos unser Info-Material zu.","og_url":"https:\/\/mission-freedom.de\/shop\/flyer-mission-freedom\/","og_site_name":"Mission Freedom","article_modified_time":"2024-08-19T10:50:51+00:00","twitter_card":"summary_large_image","twitter_misc":{"Est. reading time":"1 minute"},"schema":{"@context":"https:\/\/schema.org","@graph":[{"@type":"WebPage","@id":"https:\/\/mission-freedom.de\/shop\/flyer-mission-freedom\/","url":"https:\/\/mission-freedom.de\/shop\/flyer-mission-freedom\/","name":"10er-Set Flyer \u201eMISSION FREEDOM\u201c &#8211; Mission Freedom","isPartOf":{"@id":"https:\/\/mission-freedom.de\/#website"},"primaryImageOfPage":{"@id":"https:\/\/mission-freedom.de\/shop\/flyer-mission-freedom\/#primaryimage"},"image":{"@id":"https:\/\/mission-freedom.de\/shop\/flyer-mission-freedom\/#primaryimage"},"thumbnailUrl":"https:\/\/mission-freedom.de\/wp-content\/uploads\/2022\/03\/MF_FK_Flyer_12seiter_Ansicht-pdf.jpg","datePublished":"2022-03-11T18:02:35+00:00","dateModified":"2024-08-19T10:50:51+00:00","breadcrumb":{"@id":"https:\/\/mission-freedom.de\/shop\/flyer-mission-freedom\/#breadcrumb"},"inLanguage":"en-US","potentialAction":[{"@type":"ReadAction","target":["https:\/\/mission-freedom.de\/shop\/flyer-mission-freedom\/"]}]},{"@type":"ImageObject","inLanguage":"en-US","@id":"https:\/\/mission-freedom.de\/shop\/flyer-mission-freedom\/#primaryimage","url":"https:\/\/mission-freedom.de\/wp-content\/uploads\/2022\/03\/MF_FK_Flyer_12seiter_Ansicht-pdf.jpg","contentUrl":"https:\/\/mission-freedom.de\/wp-content\/uploads\/2022\/03\/MF_FK_Flyer_12seiter_Ansicht-pdf.jpg"},{"@type":"BreadcrumbList","@id":"https:\/\/mission-freedom.de\/shop\/flyer-mission-freedom\/#breadcrumb","itemListElement":[{"@type":"ListItem","position":1,"name":"Home","item":"https:\/\/mission-freedom.de\/"},{"@type":"ListItem","position":2,"name":"Shop","item":"https:\/\/mission-freedom.de\/shop\/"},{"@type":"ListItem","position":3,"name":"10er-Set Flyer \u201eMISSION FREEDOM\u201c"}]},{"@type":"WebSite","@id":"https:\/\/mission-freedom.de\/#website","url":"https:\/\/mission-freedom.de\/","name":"Mission Freedom","description":"","publisher":{"@id":"https:\/\/mission-freedom.de\/#organization"},"potentialAction":[{"@type":"SearchAction","target":{"@type":"EntryPoint","urlTemplate":"https:\/\/mission-freedom.de\/?s={search_term_string}"},"query-input":{"@type":"PropertyValueSpecification","valueRequired":true,"valueName":"search_term_string"}}],"inLanguage":"en-US"},{"@type":"Organization","@id":"https:\/\/mission-freedom.de\/#organization","name":"MISSION FREEDOM e.V.","url":"https:\/\/mission-freedom.de\/","logo":{"@type":"ImageObject","inLanguage":"en-US","@id":"https:\/\/mission-freedom.de\/#\/schema\/logo\/image\/","url":"https:\/\/mission-freedom.de\/wp-content\/uploads\/2021\/09\/logo-mission-freedom.jpg","contentUrl":"https:\/\/mission-freedom.de\/wp-content\/uploads\/2021\/09\/logo-mission-freedom.jpg","width":401,"height":254,"caption":"MISSION FREEDOM e.V."},"image":{"@id":"https:\/\/mission-freedom.de\/#\/schema\/logo\/image\/"}}]}},"_links":{"self":[{"href":"https:\/\/mission-freedom.de\/en\/wp-json\/wp\/v2\/product\/3929","targetHints":{"allow":["GET"]}}],"collection":[{"href":"https:\/\/mission-freedom.de\/en\/wp-json\/wp\/v2\/product"}],"about":[{"href":"https:\/\/mission-freedom.de\/en\/wp-json\/wp\/v2\/types\/product"}],"wp:featuredmedia":[{"embeddable":true,"href":"https:\/\/mission-freedom.de\/en\/wp-json\/wp\/v2\/media\/6916"}],"wp:attachment":[{"href":"https:\/\/mission-freedom.de\/en\/wp-json\/wp\/v2\/media?parent=3929"}],"wp:term":[{"taxonomy":"product_brand","embeddable":true,"href":"https:\/\/mission-freedom.de\/en\/wp-json\/wp\/v2\/product_brand?post=3929"},{"taxonomy":"product_cat","embeddable":true,"href":"https:\/\/mission-freedom.de\/en\/wp-json\/wp\/v2\/product_cat?post=3929"},{"taxonomy":"product_tag","embeddable":true,"href":"https:\/\/mission-freedom.de\/en\/wp-json\/wp\/v2\/product_tag?post=3929"}],"curies":[{"name":"wp","href":"https:\/\/api.w.org\/{rel}","templated":true}]}}