{"id":6241,"date":"2023-09-14T10:15:54","date_gmt":"2023-09-14T08:15:54","guid":{"rendered":"https:\/\/mission-freedom.de\/?post_type=product&#038;p=6241"},"modified":"2025-05-22T12:09:54","modified_gmt":"2025-05-22T10:09:54","slug":"buch","status":"publish","type":"product","link":"https:\/\/mission-freedom.de\/en\/shop\/buch\/","title":{"rendered":"Buch: Praktische Tipps f\u00fcr Eins\u00e4tze im Rotlichtmilieu"},"content":{"rendered":"<p>Immer mehr kleine ehrenamtliche Teams sind in deutschen St\u00e4dten aktiv unterwegs, um Personen in Prostitution zu besuchen und ihnen Hilfeleistungen f\u00fcr ihre Situationen anzubieten.<br \/>\nDieses Handbuch gibt<\/p>\n<ul>\n<li>Einblick in verschiedene Milieu-Strukturen<\/li>\n<li>Hintergrundwissen zu Lebensumst\u00e4nden der Personen in Prostitution und zu Trauma<\/li>\n<li>Hilfestellung f\u00fcr neue Teams<\/li>\n<li>Anleitung wie Ausstiegshilfe oder Vermittlung in eine Schutzunterkunft gelingen kann<\/li>\n<\/ul>\n","protected":false},"excerpt":{"rendered":"<p>Immer mehr kleine ehrenamtliche Teams sind in deutschen St\u00e4dten aktiv unterwegs, um Personen in Prostitution zu besuchen und ihnen Hilfeleistungen f\u00fcr ihre Situationen anzubieten. Dieses Handbuch gibt Einblick in verschiedene Milieu-Strukturen Hintergrundwissen zu Lebensumst\u00e4nden der Personen in Prostitution und zu Trauma Hilfestellung f\u00fcr neue Teams Anleitung wie Ausstiegshilfe oder Vermittlung in eine Schutzunterkunft gelingen kann<\/p>\n","protected":false},"featured_media":6376,"template":"","meta":[],"product_brand":[],"product_cat":[35],"product_tag":[72],"class_list":{"0":"post-6241","1":"product","2":"type-product","3":"status-publish","4":"has-post-thumbnail","6":"product_cat-unkategorisiert","7":"product_tag-buch-zum-kurs","9":"first","10":"outofstock","11":"shipping-taxable","12":"purchasable","13":"product-type-simple"},"yoast_head":"<!-- This site is optimized with the Yoast SEO plugin v27.4 - https:\/\/yoast.com\/product\/yoast-seo-wordpress\/ -->\n<title>Buch: Praktische Tipps f\u00fcr Eins\u00e4tze im Rotlichtmilieu &#8211; Mission Freedom<\/title>\n<meta name=\"robots\" content=\"noindex, follow\" \/>\n<meta property=\"og:locale\" content=\"en_US\" \/>\n<meta property=\"og:type\" content=\"article\" \/>\n<meta property=\"og:title\" content=\"Buch: Praktische Tipps f\u00fcr Eins\u00e4tze im Rotlichtmilieu &#8211; Mission Freedom\" \/>\n<meta property=\"og:description\" content=\"Immer mehr kleine ehrenamtliche Teams sind in deutschen St\u00e4dten aktiv unterwegs, um Personen in Prostitution zu besuchen und ihnen Hilfeleistungen f\u00fcr ihre Situationen anzubieten. Dieses Handbuch gibt Einblick in verschiedene Milieu-Strukturen Hintergrundwissen zu Lebensumst\u00e4nden der Personen in Prostitution und zu Trauma Hilfestellung f\u00fcr neue Teams Anleitung wie Ausstiegshilfe oder Vermittlung in eine Schutzunterkunft gelingen kann\" \/>\n<meta property=\"og:url\" content=\"https:\/\/mission-freedom.de\/shop\/buch\/\" \/>\n<meta property=\"og:site_name\" content=\"Mission Freedom\" \/>\n<meta property=\"article:modified_time\" content=\"2025-05-22T10:09:54+00:00\" \/>\n<meta property=\"og:image\" content=\"https:\/\/mission-freedom.de\/wp-content\/uploads\/2023\/09\/Mission-Freedom-Einsaetze.png\" \/>\n\t<meta property=\"og:image:width\" content=\"1080\" \/>\n\t<meta property=\"og:image:height\" content=\"1080\" \/>\n\t<meta property=\"og:image:type\" content=\"image\/png\" \/>\n<meta name=\"twitter:card\" content=\"summary_large_image\" \/>\n<meta name=\"twitter:label1\" content=\"Est. reading time\" \/>\n\t<meta name=\"twitter:data1\" content=\"1 minute\" \/>\n<script type=\"application\/ld+json\" class=\"yoast-schema-graph\">{\"@context\":\"https:\\\/\\\/schema.org\",\"@graph\":[{\"@type\":\"WebPage\",\"@id\":\"https:\\\/\\\/mission-freedom.de\\\/shop\\\/buch\\\/\",\"url\":\"https:\\\/\\\/mission-freedom.de\\\/shop\\\/buch\\\/\",\"name\":\"Buch: Praktische Tipps f\u00fcr Eins\u00e4tze im Rotlichtmilieu &#8211; Mission Freedom\",\"isPartOf\":{\"@id\":\"https:\\\/\\\/mission-freedom.de\\\/#website\"},\"primaryImageOfPage\":{\"@id\":\"https:\\\/\\\/mission-freedom.de\\\/shop\\\/buch\\\/#primaryimage\"},\"image\":{\"@id\":\"https:\\\/\\\/mission-freedom.de\\\/shop\\\/buch\\\/#primaryimage\"},\"thumbnailUrl\":\"https:\\\/\\\/mission-freedom.de\\\/wp-content\\\/uploads\\\/2023\\\/09\\\/Mission-Freedom-Einsaetze.png\",\"datePublished\":\"2023-09-14T08:15:54+00:00\",\"dateModified\":\"2025-05-22T10:09:54+00:00\",\"breadcrumb\":{\"@id\":\"https:\\\/\\\/mission-freedom.de\\\/shop\\\/buch\\\/#breadcrumb\"},\"inLanguage\":\"en-US\",\"potentialAction\":[{\"@type\":\"ReadAction\",\"target\":[\"https:\\\/\\\/mission-freedom.de\\\/shop\\\/buch\\\/\"]}]},{\"@type\":\"ImageObject\",\"inLanguage\":\"en-US\",\"@id\":\"https:\\\/\\\/mission-freedom.de\\\/shop\\\/buch\\\/#primaryimage\",\"url\":\"https:\\\/\\\/mission-freedom.de\\\/wp-content\\\/uploads\\\/2023\\\/09\\\/Mission-Freedom-Einsaetze.png\",\"contentUrl\":\"https:\\\/\\\/mission-freedom.de\\\/wp-content\\\/uploads\\\/2023\\\/09\\\/Mission-Freedom-Einsaetze.png\",\"width\":1080,\"height\":1080},{\"@type\":\"BreadcrumbList\",\"@id\":\"https:\\\/\\\/mission-freedom.de\\\/shop\\\/buch\\\/#breadcrumb\",\"itemListElement\":[{\"@type\":\"ListItem\",\"position\":1,\"name\":\"Home\",\"item\":\"https:\\\/\\\/mission-freedom.de\\\/\"},{\"@type\":\"ListItem\",\"position\":2,\"name\":\"Shop\",\"item\":\"https:\\\/\\\/mission-freedom.de\\\/shop\\\/\"},{\"@type\":\"ListItem\",\"position\":3,\"name\":\"Buch: Praktische Tipps f\u00fcr Eins\u00e4tze im Rotlichtmilieu\"}]},{\"@type\":\"WebSite\",\"@id\":\"https:\\\/\\\/mission-freedom.de\\\/#website\",\"url\":\"https:\\\/\\\/mission-freedom.de\\\/\",\"name\":\"Mission Freedom\",\"description\":\"\",\"publisher\":{\"@id\":\"https:\\\/\\\/mission-freedom.de\\\/#organization\"},\"potentialAction\":[{\"@type\":\"SearchAction\",\"target\":{\"@type\":\"EntryPoint\",\"urlTemplate\":\"https:\\\/\\\/mission-freedom.de\\\/?s={search_term_string}\"},\"query-input\":{\"@type\":\"PropertyValueSpecification\",\"valueRequired\":true,\"valueName\":\"search_term_string\"}}],\"inLanguage\":\"en-US\"},{\"@type\":\"Organization\",\"@id\":\"https:\\\/\\\/mission-freedom.de\\\/#organization\",\"name\":\"MISSION FREEDOM e.V.\",\"url\":\"https:\\\/\\\/mission-freedom.de\\\/\",\"logo\":{\"@type\":\"ImageObject\",\"inLanguage\":\"en-US\",\"@id\":\"https:\\\/\\\/mission-freedom.de\\\/#\\\/schema\\\/logo\\\/image\\\/\",\"url\":\"https:\\\/\\\/mission-freedom.de\\\/wp-content\\\/uploads\\\/2021\\\/09\\\/logo-mission-freedom.jpg\",\"contentUrl\":\"https:\\\/\\\/mission-freedom.de\\\/wp-content\\\/uploads\\\/2021\\\/09\\\/logo-mission-freedom.jpg\",\"width\":401,\"height\":254,\"caption\":\"MISSION FREEDOM e.V.\"},\"image\":{\"@id\":\"https:\\\/\\\/mission-freedom.de\\\/#\\\/schema\\\/logo\\\/image\\\/\"}}]}<\/script>\n<!-- \/ Yoast SEO plugin. -->","yoast_head_json":{"title":"Buch: Praktische Tipps f\u00fcr Eins\u00e4tze im Rotlichtmilieu &#8211; Mission Freedom","robots":{"index":"noindex","follow":"follow"},"og_locale":"en_US","og_type":"article","og_title":"Buch: Praktische Tipps f\u00fcr Eins\u00e4tze im Rotlichtmilieu &#8211; Mission Freedom","og_description":"Immer mehr kleine ehrenamtliche Teams sind in deutschen St\u00e4dten aktiv unterwegs, um Personen in Prostitution zu besuchen und ihnen Hilfeleistungen f\u00fcr ihre Situationen anzubieten. Dieses Handbuch gibt Einblick in verschiedene Milieu-Strukturen Hintergrundwissen zu Lebensumst\u00e4nden der Personen in Prostitution und zu Trauma Hilfestellung f\u00fcr neue Teams Anleitung wie Ausstiegshilfe oder Vermittlung in eine Schutzunterkunft gelingen kann","og_url":"https:\/\/mission-freedom.de\/shop\/buch\/","og_site_name":"Mission Freedom","article_modified_time":"2025-05-22T10:09:54+00:00","og_image":[{"width":1080,"height":1080,"url":"https:\/\/mission-freedom.de\/wp-content\/uploads\/2023\/09\/Mission-Freedom-Einsaetze.png","type":"image\/png"}],"twitter_card":"summary_large_image","twitter_misc":{"Est. reading time":"1 minute"},"schema":{"@context":"https:\/\/schema.org","@graph":[{"@type":"WebPage","@id":"https:\/\/mission-freedom.de\/shop\/buch\/","url":"https:\/\/mission-freedom.de\/shop\/buch\/","name":"Buch: Praktische Tipps f\u00fcr Eins\u00e4tze im Rotlichtmilieu &#8211; Mission Freedom","isPartOf":{"@id":"https:\/\/mission-freedom.de\/#website"},"primaryImageOfPage":{"@id":"https:\/\/mission-freedom.de\/shop\/buch\/#primaryimage"},"image":{"@id":"https:\/\/mission-freedom.de\/shop\/buch\/#primaryimage"},"thumbnailUrl":"https:\/\/mission-freedom.de\/wp-content\/uploads\/2023\/09\/Mission-Freedom-Einsaetze.png","datePublished":"2023-09-14T08:15:54+00:00","dateModified":"2025-05-22T10:09:54+00:00","breadcrumb":{"@id":"https:\/\/mission-freedom.de\/shop\/buch\/#breadcrumb"},"inLanguage":"en-US","potentialAction":[{"@type":"ReadAction","target":["https:\/\/mission-freedom.de\/shop\/buch\/"]}]},{"@type":"ImageObject","inLanguage":"en-US","@id":"https:\/\/mission-freedom.de\/shop\/buch\/#primaryimage","url":"https:\/\/mission-freedom.de\/wp-content\/uploads\/2023\/09\/Mission-Freedom-Einsaetze.png","contentUrl":"https:\/\/mission-freedom.de\/wp-content\/uploads\/2023\/09\/Mission-Freedom-Einsaetze.png","width":1080,"height":1080},{"@type":"BreadcrumbList","@id":"https:\/\/mission-freedom.de\/shop\/buch\/#breadcrumb","itemListElement":[{"@type":"ListItem","position":1,"name":"Home","item":"https:\/\/mission-freedom.de\/"},{"@type":"ListItem","position":2,"name":"Shop","item":"https:\/\/mission-freedom.de\/shop\/"},{"@type":"ListItem","position":3,"name":"Buch: Praktische Tipps f\u00fcr Eins\u00e4tze im Rotlichtmilieu"}]},{"@type":"WebSite","@id":"https:\/\/mission-freedom.de\/#website","url":"https:\/\/mission-freedom.de\/","name":"Mission Freedom","description":"","publisher":{"@id":"https:\/\/mission-freedom.de\/#organization"},"potentialAction":[{"@type":"SearchAction","target":{"@type":"EntryPoint","urlTemplate":"https:\/\/mission-freedom.de\/?s={search_term_string}"},"query-input":{"@type":"PropertyValueSpecification","valueRequired":true,"valueName":"search_term_string"}}],"inLanguage":"en-US"},{"@type":"Organization","@id":"https:\/\/mission-freedom.de\/#organization","name":"MISSION FREEDOM e.V.","url":"https:\/\/mission-freedom.de\/","logo":{"@type":"ImageObject","inLanguage":"en-US","@id":"https:\/\/mission-freedom.de\/#\/schema\/logo\/image\/","url":"https:\/\/mission-freedom.de\/wp-content\/uploads\/2021\/09\/logo-mission-freedom.jpg","contentUrl":"https:\/\/mission-freedom.de\/wp-content\/uploads\/2021\/09\/logo-mission-freedom.jpg","width":401,"height":254,"caption":"MISSION FREEDOM e.V."},"image":{"@id":"https:\/\/mission-freedom.de\/#\/schema\/logo\/image\/"}}]}},"_links":{"self":[{"href":"https:\/\/mission-freedom.de\/en\/wp-json\/wp\/v2\/product\/6241","targetHints":{"allow":["GET"]}}],"collection":[{"href":"https:\/\/mission-freedom.de\/en\/wp-json\/wp\/v2\/product"}],"about":[{"href":"https:\/\/mission-freedom.de\/en\/wp-json\/wp\/v2\/types\/product"}],"wp:featuredmedia":[{"embeddable":true,"href":"https:\/\/mission-freedom.de\/en\/wp-json\/wp\/v2\/media\/6376"}],"wp:attachment":[{"href":"https:\/\/mission-freedom.de\/en\/wp-json\/wp\/v2\/media?parent=6241"}],"wp:term":[{"taxonomy":"product_brand","embeddable":true,"href":"https:\/\/mission-freedom.de\/en\/wp-json\/wp\/v2\/product_brand?post=6241"},{"taxonomy":"product_cat","embeddable":true,"href":"https:\/\/mission-freedom.de\/en\/wp-json\/wp\/v2\/product_cat?post=6241"},{"taxonomy":"product_tag","embeddable":true,"href":"https:\/\/mission-freedom.de\/en\/wp-json\/wp\/v2\/product_tag?post=6241"}],"curies":[{"name":"wp","href":"https:\/\/api.w.org\/{rel}","templated":true}]}}