{"id":8208,"date":"2024-09-03T10:31:11","date_gmt":"2024-09-03T08:31:11","guid":{"rendered":"https:\/\/mission-freedom.de\/?post_type=product&#038;p=8208"},"modified":"2025-01-03T10:58:03","modified_gmt":"2025-01-03T09:58:03","slug":"leben-in-freiheit-t-shirt-deutsch","status":"publish","type":"product","link":"https:\/\/mission-freedom.de\/en\/shop\/leben-in-freiheit-t-shirt-deutsch\/","title":{"rendered":"Leben in Freiheit T-Shirt deutsch"},"content":{"rendered":"<p>Unser &#8220;Leben in Freiheit&#8221; T-Shirt in unserer Magenta-Farbe.<\/p>\n<p>Gr\u00f6\u00dfen erh\u00e4ltlich in: M und XL<\/p>\n<p>T-Shirts fallen etwas kleiner aus.<br \/>\nUnser Model tr\u00e4gt Gr\u00f6\u00dfe L<\/p>\n<p>Preis inkl. Versand<\/p>\n","protected":false},"excerpt":{"rendered":"<p>Unser &#8220;Leben in Freiheit&#8221; T-Shirt in unserer Magenta-Farbe.<\/p>\n","protected":false},"featured_media":8239,"template":"","meta":[],"product_brand":[],"product_cat":[35],"product_tag":[],"class_list":{"0":"post-8208","1":"product","2":"type-product","3":"status-publish","4":"has-post-thumbnail","6":"product_cat-unkategorisiert","8":"first","9":"outofstock","10":"shipping-taxable","11":"purchasable","12":"product-type-variable"},"yoast_head":"<!-- This site is optimized with the Yoast SEO plugin v27.2 - https:\/\/yoast.com\/product\/yoast-seo-wordpress\/ -->\n<title>Leben in Freiheit T-Shirt deutsch &#8211; Mission Freedom<\/title>\n<meta name=\"description\" content=\"Unser &quot;Leben in Freiheit&quot; T-Shirt in unserer Magenta-Farbe.\" \/>\n<meta name=\"robots\" content=\"index, follow, max-snippet:-1, max-image-preview:large, max-video-preview:-1\" \/>\n<link rel=\"canonical\" href=\"https:\/\/mission-freedom.de\/shop\/leben-in-freiheit-t-shirt-deutsch\/\" \/>\n<meta property=\"og:locale\" content=\"en_US\" \/>\n<meta property=\"og:type\" content=\"article\" \/>\n<meta property=\"og:title\" content=\"Leben in Freiheit T-Shirt deutsch &#8211; Mission Freedom\" \/>\n<meta property=\"og:description\" content=\"Unser &quot;Leben in Freiheit&quot; T-Shirt in unserer Magenta-Farbe.\" \/>\n<meta property=\"og:url\" content=\"https:\/\/mission-freedom.de\/shop\/leben-in-freiheit-t-shirt-deutsch\/\" \/>\n<meta property=\"og:site_name\" content=\"Mission Freedom\" \/>\n<meta property=\"article:modified_time\" content=\"2025-01-03T09:58:03+00:00\" \/>\n<meta property=\"og:image\" content=\"https:\/\/mission-freedom.de\/wp-content\/uploads\/2024\/08\/5.jpg\" \/>\n\t<meta property=\"og:image:width\" content=\"1900\" \/>\n\t<meta property=\"og:image:height\" content=\"2000\" \/>\n\t<meta property=\"og:image:type\" content=\"image\/jpeg\" \/>\n<meta name=\"twitter:card\" content=\"summary_large_image\" \/>\n<meta name=\"twitter:label1\" content=\"Est. reading time\" \/>\n\t<meta name=\"twitter:data1\" content=\"1 minute\" \/>\n<script type=\"application\/ld+json\" class=\"yoast-schema-graph\">{\"@context\":\"https:\/\/schema.org\",\"@graph\":[{\"@type\":\"WebPage\",\"@id\":\"https:\/\/mission-freedom.de\/shop\/leben-in-freiheit-t-shirt-deutsch\/\",\"url\":\"https:\/\/mission-freedom.de\/shop\/leben-in-freiheit-t-shirt-deutsch\/\",\"name\":\"Leben in Freiheit T-Shirt deutsch &#8211; Mission Freedom\",\"isPartOf\":{\"@id\":\"https:\/\/mission-freedom.de\/#website\"},\"primaryImageOfPage\":{\"@id\":\"https:\/\/mission-freedom.de\/shop\/leben-in-freiheit-t-shirt-deutsch\/#primaryimage\"},\"image\":{\"@id\":\"https:\/\/mission-freedom.de\/shop\/leben-in-freiheit-t-shirt-deutsch\/#primaryimage\"},\"thumbnailUrl\":\"https:\/\/mission-freedom.de\/wp-content\/uploads\/2024\/08\/5.jpg\",\"datePublished\":\"2024-09-03T08:31:11+00:00\",\"dateModified\":\"2025-01-03T09:58:03+00:00\",\"description\":\"Unser \\\"Leben in Freiheit\\\" T-Shirt in unserer Magenta-Farbe.\",\"breadcrumb\":{\"@id\":\"https:\/\/mission-freedom.de\/shop\/leben-in-freiheit-t-shirt-deutsch\/#breadcrumb\"},\"inLanguage\":\"en-US\",\"potentialAction\":[{\"@type\":\"ReadAction\",\"target\":[\"https:\/\/mission-freedom.de\/shop\/leben-in-freiheit-t-shirt-deutsch\/\"]}]},{\"@type\":\"ImageObject\",\"inLanguage\":\"en-US\",\"@id\":\"https:\/\/mission-freedom.de\/shop\/leben-in-freiheit-t-shirt-deutsch\/#primaryimage\",\"url\":\"https:\/\/mission-freedom.de\/wp-content\/uploads\/2024\/08\/5.jpg\",\"contentUrl\":\"https:\/\/mission-freedom.de\/wp-content\/uploads\/2024\/08\/5.jpg\",\"width\":1900,\"height\":2000},{\"@type\":\"BreadcrumbList\",\"@id\":\"https:\/\/mission-freedom.de\/shop\/leben-in-freiheit-t-shirt-deutsch\/#breadcrumb\",\"itemListElement\":[{\"@type\":\"ListItem\",\"position\":1,\"name\":\"Home\",\"item\":\"https:\/\/mission-freedom.de\/\"},{\"@type\":\"ListItem\",\"position\":2,\"name\":\"Shop\",\"item\":\"https:\/\/mission-freedom.de\/shop\/\"},{\"@type\":\"ListItem\",\"position\":3,\"name\":\"Leben in Freiheit T-Shirt deutsch\"}]},{\"@type\":\"WebSite\",\"@id\":\"https:\/\/mission-freedom.de\/#website\",\"url\":\"https:\/\/mission-freedom.de\/\",\"name\":\"Mission Freedom\",\"description\":\"\",\"publisher\":{\"@id\":\"https:\/\/mission-freedom.de\/#organization\"},\"potentialAction\":[{\"@type\":\"SearchAction\",\"target\":{\"@type\":\"EntryPoint\",\"urlTemplate\":\"https:\/\/mission-freedom.de\/?s={search_term_string}\"},\"query-input\":{\"@type\":\"PropertyValueSpecification\",\"valueRequired\":true,\"valueName\":\"search_term_string\"}}],\"inLanguage\":\"en-US\"},{\"@type\":\"Organization\",\"@id\":\"https:\/\/mission-freedom.de\/#organization\",\"name\":\"MISSION FREEDOM e.V.\",\"url\":\"https:\/\/mission-freedom.de\/\",\"logo\":{\"@type\":\"ImageObject\",\"inLanguage\":\"en-US\",\"@id\":\"https:\/\/mission-freedom.de\/#\/schema\/logo\/image\/\",\"url\":\"https:\/\/mission-freedom.de\/wp-content\/uploads\/2021\/09\/logo-mission-freedom.jpg\",\"contentUrl\":\"https:\/\/mission-freedom.de\/wp-content\/uploads\/2021\/09\/logo-mission-freedom.jpg\",\"width\":401,\"height\":254,\"caption\":\"MISSION FREEDOM e.V.\"},\"image\":{\"@id\":\"https:\/\/mission-freedom.de\/#\/schema\/logo\/image\/\"}}]}<\/script>\n<!-- \/ Yoast SEO plugin. -->","yoast_head_json":{"title":"Leben in Freiheit T-Shirt deutsch &#8211; Mission Freedom","description":"Unser \"Leben in Freiheit\" T-Shirt in unserer Magenta-Farbe.","robots":{"index":"index","follow":"follow","max-snippet":"max-snippet:-1","max-image-preview":"max-image-preview:large","max-video-preview":"max-video-preview:-1"},"canonical":"https:\/\/mission-freedom.de\/shop\/leben-in-freiheit-t-shirt-deutsch\/","og_locale":"en_US","og_type":"article","og_title":"Leben in Freiheit T-Shirt deutsch &#8211; Mission Freedom","og_description":"Unser \"Leben in Freiheit\" T-Shirt in unserer Magenta-Farbe.","og_url":"https:\/\/mission-freedom.de\/shop\/leben-in-freiheit-t-shirt-deutsch\/","og_site_name":"Mission Freedom","article_modified_time":"2025-01-03T09:58:03+00:00","og_image":[{"width":1900,"height":2000,"url":"https:\/\/mission-freedom.de\/wp-content\/uploads\/2024\/08\/5.jpg","type":"image\/jpeg"}],"twitter_card":"summary_large_image","twitter_misc":{"Est. reading time":"1 minute"},"schema":{"@context":"https:\/\/schema.org","@graph":[{"@type":"WebPage","@id":"https:\/\/mission-freedom.de\/shop\/leben-in-freiheit-t-shirt-deutsch\/","url":"https:\/\/mission-freedom.de\/shop\/leben-in-freiheit-t-shirt-deutsch\/","name":"Leben in Freiheit T-Shirt deutsch &#8211; Mission Freedom","isPartOf":{"@id":"https:\/\/mission-freedom.de\/#website"},"primaryImageOfPage":{"@id":"https:\/\/mission-freedom.de\/shop\/leben-in-freiheit-t-shirt-deutsch\/#primaryimage"},"image":{"@id":"https:\/\/mission-freedom.de\/shop\/leben-in-freiheit-t-shirt-deutsch\/#primaryimage"},"thumbnailUrl":"https:\/\/mission-freedom.de\/wp-content\/uploads\/2024\/08\/5.jpg","datePublished":"2024-09-03T08:31:11+00:00","dateModified":"2025-01-03T09:58:03+00:00","description":"Unser \"Leben in Freiheit\" T-Shirt in unserer Magenta-Farbe.","breadcrumb":{"@id":"https:\/\/mission-freedom.de\/shop\/leben-in-freiheit-t-shirt-deutsch\/#breadcrumb"},"inLanguage":"en-US","potentialAction":[{"@type":"ReadAction","target":["https:\/\/mission-freedom.de\/shop\/leben-in-freiheit-t-shirt-deutsch\/"]}]},{"@type":"ImageObject","inLanguage":"en-US","@id":"https:\/\/mission-freedom.de\/shop\/leben-in-freiheit-t-shirt-deutsch\/#primaryimage","url":"https:\/\/mission-freedom.de\/wp-content\/uploads\/2024\/08\/5.jpg","contentUrl":"https:\/\/mission-freedom.de\/wp-content\/uploads\/2024\/08\/5.jpg","width":1900,"height":2000},{"@type":"BreadcrumbList","@id":"https:\/\/mission-freedom.de\/shop\/leben-in-freiheit-t-shirt-deutsch\/#breadcrumb","itemListElement":[{"@type":"ListItem","position":1,"name":"Home","item":"https:\/\/mission-freedom.de\/"},{"@type":"ListItem","position":2,"name":"Shop","item":"https:\/\/mission-freedom.de\/shop\/"},{"@type":"ListItem","position":3,"name":"Leben in Freiheit T-Shirt deutsch"}]},{"@type":"WebSite","@id":"https:\/\/mission-freedom.de\/#website","url":"https:\/\/mission-freedom.de\/","name":"Mission Freedom","description":"","publisher":{"@id":"https:\/\/mission-freedom.de\/#organization"},"potentialAction":[{"@type":"SearchAction","target":{"@type":"EntryPoint","urlTemplate":"https:\/\/mission-freedom.de\/?s={search_term_string}"},"query-input":{"@type":"PropertyValueSpecification","valueRequired":true,"valueName":"search_term_string"}}],"inLanguage":"en-US"},{"@type":"Organization","@id":"https:\/\/mission-freedom.de\/#organization","name":"MISSION FREEDOM e.V.","url":"https:\/\/mission-freedom.de\/","logo":{"@type":"ImageObject","inLanguage":"en-US","@id":"https:\/\/mission-freedom.de\/#\/schema\/logo\/image\/","url":"https:\/\/mission-freedom.de\/wp-content\/uploads\/2021\/09\/logo-mission-freedom.jpg","contentUrl":"https:\/\/mission-freedom.de\/wp-content\/uploads\/2021\/09\/logo-mission-freedom.jpg","width":401,"height":254,"caption":"MISSION FREEDOM e.V."},"image":{"@id":"https:\/\/mission-freedom.de\/#\/schema\/logo\/image\/"}}]}},"_links":{"self":[{"href":"https:\/\/mission-freedom.de\/en\/wp-json\/wp\/v2\/product\/8208","targetHints":{"allow":["GET"]}}],"collection":[{"href":"https:\/\/mission-freedom.de\/en\/wp-json\/wp\/v2\/product"}],"about":[{"href":"https:\/\/mission-freedom.de\/en\/wp-json\/wp\/v2\/types\/product"}],"wp:featuredmedia":[{"embeddable":true,"href":"https:\/\/mission-freedom.de\/en\/wp-json\/wp\/v2\/media\/8239"}],"wp:attachment":[{"href":"https:\/\/mission-freedom.de\/en\/wp-json\/wp\/v2\/media?parent=8208"}],"wp:term":[{"taxonomy":"product_brand","embeddable":true,"href":"https:\/\/mission-freedom.de\/en\/wp-json\/wp\/v2\/product_brand?post=8208"},{"taxonomy":"product_cat","embeddable":true,"href":"https:\/\/mission-freedom.de\/en\/wp-json\/wp\/v2\/product_cat?post=8208"},{"taxonomy":"product_tag","embeddable":true,"href":"https:\/\/mission-freedom.de\/en\/wp-json\/wp\/v2\/product_tag?post=8208"}],"curies":[{"name":"wp","href":"https:\/\/api.w.org\/{rel}","templated":true}]}}