{"id":8265,"date":"2024-09-12T15:35:33","date_gmt":"2024-09-12T13:35:33","guid":{"rendered":"https:\/\/mission-freedom.de\/?post_type=product&#038;p=8265"},"modified":"2024-10-28T14:25:28","modified_gmt":"2024-10-28T13:25:28","slug":"postkarten-set","status":"publish","type":"product","link":"https:\/\/mission-freedom.de\/en\/shop\/postkarten-set\/","title":{"rendered":"Postkarten Set"},"content":{"rendered":"<p>Postkarten-Set in Gr\u00f6\u00dfe DinA6 bestehend aus f\u00fcnf verschiedenen Karten.<\/p>\n<p>2 Motive aus unserer #Freiheitsk\u00e4mpfer Kampagne und 3 Motive mit Ermutigungen.<\/p>\n<p>Preis inkl. Versand<\/p>\n<p>&nbsp;<\/p>\n","protected":false},"excerpt":{"rendered":"<p>Postkarten-Set in Gr\u00f6\u00dfe DinA6 bestehend aus f\u00fcnf verschiedenen Karten. 2 Motive aus unserer #Freiheitsk\u00e4mpfer Kampagne und 3 Motive mit Ermutigungen. Preis inkl. Versand &nbsp;<\/p>\n","protected":false},"featured_media":8288,"template":"","meta":[],"product_brand":[],"product_cat":[35],"product_tag":[],"class_list":{"0":"post-8265","1":"product","2":"type-product","3":"status-publish","4":"has-post-thumbnail","6":"product_cat-unkategorisiert","8":"first","9":"instock","10":"shipping-taxable","11":"purchasable","12":"product-type-simple"},"yoast_head":"<!-- This site is optimized with the Yoast SEO plugin v27.2 - https:\/\/yoast.com\/product\/yoast-seo-wordpress\/ -->\n<title>Postkarten Set &#8211; Mission Freedom<\/title>\n<meta name=\"description\" content=\"Postkarten Set in Gr\u00f6\u00dfe DinA5 bestehend aus f\u00fcnf verschiedenen Motiven.\" \/>\n<meta name=\"robots\" content=\"index, follow, max-snippet:-1, max-image-preview:large, max-video-preview:-1\" \/>\n<link rel=\"canonical\" href=\"https:\/\/mission-freedom.de\/shop\/postkarten-set\/\" \/>\n<meta property=\"og:locale\" content=\"en_US\" \/>\n<meta property=\"og:type\" content=\"article\" \/>\n<meta property=\"og:title\" content=\"Postkarten Set &#8211; Mission Freedom\" \/>\n<meta property=\"og:description\" content=\"Postkarten Set in Gr\u00f6\u00dfe DinA5 bestehend aus f\u00fcnf verschiedenen Motiven.\" \/>\n<meta property=\"og:url\" content=\"https:\/\/mission-freedom.de\/shop\/postkarten-set\/\" \/>\n<meta property=\"og:site_name\" content=\"Mission Freedom\" \/>\n<meta property=\"article:modified_time\" content=\"2024-10-28T13:25:28+00:00\" \/>\n<meta property=\"og:image\" content=\"https:\/\/mission-freedom.de\/wp-content\/uploads\/2024\/08\/2-1.png\" \/>\n\t<meta property=\"og:image:width\" content=\"1080\" \/>\n\t<meta property=\"og:image:height\" content=\"1080\" \/>\n\t<meta property=\"og:image:type\" content=\"image\/png\" \/>\n<meta name=\"twitter:card\" content=\"summary_large_image\" \/>\n<meta name=\"twitter:label1\" content=\"Est. reading time\" \/>\n\t<meta name=\"twitter:data1\" content=\"1 minute\" \/>\n<script type=\"application\/ld+json\" class=\"yoast-schema-graph\">{\"@context\":\"https:\/\/schema.org\",\"@graph\":[{\"@type\":\"WebPage\",\"@id\":\"https:\/\/mission-freedom.de\/shop\/postkarten-set\/\",\"url\":\"https:\/\/mission-freedom.de\/shop\/postkarten-set\/\",\"name\":\"Postkarten Set &#8211; Mission Freedom\",\"isPartOf\":{\"@id\":\"https:\/\/mission-freedom.de\/#website\"},\"primaryImageOfPage\":{\"@id\":\"https:\/\/mission-freedom.de\/shop\/postkarten-set\/#primaryimage\"},\"image\":{\"@id\":\"https:\/\/mission-freedom.de\/shop\/postkarten-set\/#primaryimage\"},\"thumbnailUrl\":\"https:\/\/mission-freedom.de\/wp-content\/uploads\/2024\/08\/2-1.png\",\"datePublished\":\"2024-09-12T13:35:33+00:00\",\"dateModified\":\"2024-10-28T13:25:28+00:00\",\"description\":\"Postkarten Set in Gr\u00f6\u00dfe DinA5 bestehend aus f\u00fcnf verschiedenen Motiven.\",\"breadcrumb\":{\"@id\":\"https:\/\/mission-freedom.de\/shop\/postkarten-set\/#breadcrumb\"},\"inLanguage\":\"en-US\",\"potentialAction\":[{\"@type\":\"ReadAction\",\"target\":[\"https:\/\/mission-freedom.de\/shop\/postkarten-set\/\"]}]},{\"@type\":\"ImageObject\",\"inLanguage\":\"en-US\",\"@id\":\"https:\/\/mission-freedom.de\/shop\/postkarten-set\/#primaryimage\",\"url\":\"https:\/\/mission-freedom.de\/wp-content\/uploads\/2024\/08\/2-1.png\",\"contentUrl\":\"https:\/\/mission-freedom.de\/wp-content\/uploads\/2024\/08\/2-1.png\",\"width\":1080,\"height\":1080},{\"@type\":\"BreadcrumbList\",\"@id\":\"https:\/\/mission-freedom.de\/shop\/postkarten-set\/#breadcrumb\",\"itemListElement\":[{\"@type\":\"ListItem\",\"position\":1,\"name\":\"Home\",\"item\":\"https:\/\/mission-freedom.de\/\"},{\"@type\":\"ListItem\",\"position\":2,\"name\":\"Shop\",\"item\":\"https:\/\/mission-freedom.de\/shop\/\"},{\"@type\":\"ListItem\",\"position\":3,\"name\":\"Postkarten Set\"}]},{\"@type\":\"WebSite\",\"@id\":\"https:\/\/mission-freedom.de\/#website\",\"url\":\"https:\/\/mission-freedom.de\/\",\"name\":\"Mission Freedom\",\"description\":\"\",\"publisher\":{\"@id\":\"https:\/\/mission-freedom.de\/#organization\"},\"potentialAction\":[{\"@type\":\"SearchAction\",\"target\":{\"@type\":\"EntryPoint\",\"urlTemplate\":\"https:\/\/mission-freedom.de\/?s={search_term_string}\"},\"query-input\":{\"@type\":\"PropertyValueSpecification\",\"valueRequired\":true,\"valueName\":\"search_term_string\"}}],\"inLanguage\":\"en-US\"},{\"@type\":\"Organization\",\"@id\":\"https:\/\/mission-freedom.de\/#organization\",\"name\":\"MISSION FREEDOM e.V.\",\"url\":\"https:\/\/mission-freedom.de\/\",\"logo\":{\"@type\":\"ImageObject\",\"inLanguage\":\"en-US\",\"@id\":\"https:\/\/mission-freedom.de\/#\/schema\/logo\/image\/\",\"url\":\"https:\/\/mission-freedom.de\/wp-content\/uploads\/2021\/09\/logo-mission-freedom.jpg\",\"contentUrl\":\"https:\/\/mission-freedom.de\/wp-content\/uploads\/2021\/09\/logo-mission-freedom.jpg\",\"width\":401,\"height\":254,\"caption\":\"MISSION FREEDOM e.V.\"},\"image\":{\"@id\":\"https:\/\/mission-freedom.de\/#\/schema\/logo\/image\/\"}}]}<\/script>\n<!-- \/ Yoast SEO plugin. -->","yoast_head_json":{"title":"Postkarten Set &#8211; Mission Freedom","description":"Postkarten Set in Gr\u00f6\u00dfe DinA5 bestehend aus f\u00fcnf verschiedenen Motiven.","robots":{"index":"index","follow":"follow","max-snippet":"max-snippet:-1","max-image-preview":"max-image-preview:large","max-video-preview":"max-video-preview:-1"},"canonical":"https:\/\/mission-freedom.de\/shop\/postkarten-set\/","og_locale":"en_US","og_type":"article","og_title":"Postkarten Set &#8211; Mission Freedom","og_description":"Postkarten Set in Gr\u00f6\u00dfe DinA5 bestehend aus f\u00fcnf verschiedenen Motiven.","og_url":"https:\/\/mission-freedom.de\/shop\/postkarten-set\/","og_site_name":"Mission Freedom","article_modified_time":"2024-10-28T13:25:28+00:00","og_image":[{"width":1080,"height":1080,"url":"https:\/\/mission-freedom.de\/wp-content\/uploads\/2024\/08\/2-1.png","type":"image\/png"}],"twitter_card":"summary_large_image","twitter_misc":{"Est. reading time":"1 minute"},"schema":{"@context":"https:\/\/schema.org","@graph":[{"@type":"WebPage","@id":"https:\/\/mission-freedom.de\/shop\/postkarten-set\/","url":"https:\/\/mission-freedom.de\/shop\/postkarten-set\/","name":"Postkarten Set &#8211; Mission Freedom","isPartOf":{"@id":"https:\/\/mission-freedom.de\/#website"},"primaryImageOfPage":{"@id":"https:\/\/mission-freedom.de\/shop\/postkarten-set\/#primaryimage"},"image":{"@id":"https:\/\/mission-freedom.de\/shop\/postkarten-set\/#primaryimage"},"thumbnailUrl":"https:\/\/mission-freedom.de\/wp-content\/uploads\/2024\/08\/2-1.png","datePublished":"2024-09-12T13:35:33+00:00","dateModified":"2024-10-28T13:25:28+00:00","description":"Postkarten Set in Gr\u00f6\u00dfe DinA5 bestehend aus f\u00fcnf verschiedenen Motiven.","breadcrumb":{"@id":"https:\/\/mission-freedom.de\/shop\/postkarten-set\/#breadcrumb"},"inLanguage":"en-US","potentialAction":[{"@type":"ReadAction","target":["https:\/\/mission-freedom.de\/shop\/postkarten-set\/"]}]},{"@type":"ImageObject","inLanguage":"en-US","@id":"https:\/\/mission-freedom.de\/shop\/postkarten-set\/#primaryimage","url":"https:\/\/mission-freedom.de\/wp-content\/uploads\/2024\/08\/2-1.png","contentUrl":"https:\/\/mission-freedom.de\/wp-content\/uploads\/2024\/08\/2-1.png","width":1080,"height":1080},{"@type":"BreadcrumbList","@id":"https:\/\/mission-freedom.de\/shop\/postkarten-set\/#breadcrumb","itemListElement":[{"@type":"ListItem","position":1,"name":"Home","item":"https:\/\/mission-freedom.de\/"},{"@type":"ListItem","position":2,"name":"Shop","item":"https:\/\/mission-freedom.de\/shop\/"},{"@type":"ListItem","position":3,"name":"Postkarten Set"}]},{"@type":"WebSite","@id":"https:\/\/mission-freedom.de\/#website","url":"https:\/\/mission-freedom.de\/","name":"Mission Freedom","description":"","publisher":{"@id":"https:\/\/mission-freedom.de\/#organization"},"potentialAction":[{"@type":"SearchAction","target":{"@type":"EntryPoint","urlTemplate":"https:\/\/mission-freedom.de\/?s={search_term_string}"},"query-input":{"@type":"PropertyValueSpecification","valueRequired":true,"valueName":"search_term_string"}}],"inLanguage":"en-US"},{"@type":"Organization","@id":"https:\/\/mission-freedom.de\/#organization","name":"MISSION FREEDOM e.V.","url":"https:\/\/mission-freedom.de\/","logo":{"@type":"ImageObject","inLanguage":"en-US","@id":"https:\/\/mission-freedom.de\/#\/schema\/logo\/image\/","url":"https:\/\/mission-freedom.de\/wp-content\/uploads\/2021\/09\/logo-mission-freedom.jpg","contentUrl":"https:\/\/mission-freedom.de\/wp-content\/uploads\/2021\/09\/logo-mission-freedom.jpg","width":401,"height":254,"caption":"MISSION FREEDOM e.V."},"image":{"@id":"https:\/\/mission-freedom.de\/#\/schema\/logo\/image\/"}}]}},"_links":{"self":[{"href":"https:\/\/mission-freedom.de\/en\/wp-json\/wp\/v2\/product\/8265","targetHints":{"allow":["GET"]}}],"collection":[{"href":"https:\/\/mission-freedom.de\/en\/wp-json\/wp\/v2\/product"}],"about":[{"href":"https:\/\/mission-freedom.de\/en\/wp-json\/wp\/v2\/types\/product"}],"wp:featuredmedia":[{"embeddable":true,"href":"https:\/\/mission-freedom.de\/en\/wp-json\/wp\/v2\/media\/8288"}],"wp:attachment":[{"href":"https:\/\/mission-freedom.de\/en\/wp-json\/wp\/v2\/media?parent=8265"}],"wp:term":[{"taxonomy":"product_brand","embeddable":true,"href":"https:\/\/mission-freedom.de\/en\/wp-json\/wp\/v2\/product_brand?post=8265"},{"taxonomy":"product_cat","embeddable":true,"href":"https:\/\/mission-freedom.de\/en\/wp-json\/wp\/v2\/product_cat?post=8265"},{"taxonomy":"product_tag","embeddable":true,"href":"https:\/\/mission-freedom.de\/en\/wp-json\/wp\/v2\/product_tag?post=8265"}],"curies":[{"name":"wp","href":"https:\/\/api.w.org\/{rel}","templated":true}]}}