{"id":9927,"date":"2025-09-24T17:47:13","date_gmt":"2025-09-24T15:47:13","guid":{"rendered":"https:\/\/mission-freedom.de\/?post_type=product&#038;p=9927"},"modified":"2026-03-31T17:33:04","modified_gmt":"2026-03-31T15:33:04","slug":"ich-bin-geliebt-socken","status":"publish","type":"product","link":"https:\/\/mission-freedom.de\/en\/shop\/ich-bin-geliebt-socken\/","title":{"rendered":"&#8220;Ich bin geliebt&#8221; Socken"},"content":{"rendered":"<p><b><span data-contrast=\"auto\">Ich bin geliebt.<\/span><\/b><span data-ccp-props=\"{&quot;134233117&quot;:false,&quot;134233118&quot;:false,&quot;335551550&quot;:0,&quot;335551620&quot;:0,&quot;335559738&quot;:240,&quot;335559739&quot;:240}\">\u00a0<\/span><\/p>\n<p><span data-contrast=\"auto\">Diese Socke ist mehr als ein Kleidungsst\u00fcck \u2013 sie ist ein Statement.<\/span><span data-ccp-props=\"{&quot;134233117&quot;:false,&quot;134233118&quot;:false,&quot;335551550&quot;:0,&quot;335551620&quot;:0,&quot;335559738&quot;:240,&quot;335559739&quot;:240}\">\u00a0<\/span><\/p>\n<p><span data-contrast=\"auto\">Gemeinsam mit <\/span><b><span data-contrast=\"auto\">beloved.design<\/span><\/b><span data-contrast=\"auto\"> haben wir ein Produkt entworfen, das erinnert: Jeder Mensch hat W\u00fcrde. Jeder Mensch ist geliebt \u2013 unabh\u00e4ngig von Herkunft, Geschichte oder Umfeld.<\/span><span data-ccp-props=\"{&quot;134233117&quot;:false,&quot;134233118&quot;:false,&quot;335551550&quot;:0,&quot;335551620&quot;:0,&quot;335559738&quot;:240,&quot;335559739&quot;:240}\">\u00a0<\/span><\/p>\n<p><span data-contrast=\"auto\">Mit dem Kauf dieser Socke unterst\u00fctzt du die Arbeit von <\/span><b><span data-contrast=\"auto\">Mission Freedom<\/span><\/b><span data-contrast=\"auto\"> im Einsatz gegen Ausbeutung und Menschenhandel.<\/span><span data-ccp-props=\"{&quot;134233117&quot;:false,&quot;134233118&quot;:false,&quot;335551550&quot;:0,&quot;335551620&quot;:0,&quot;335559738&quot;:240,&quot;335559739&quot;:240}\">\u00a0<\/span><\/p>\n<p><span data-contrast=\"auto\">Gleichzeitig d\u00fcrfen wir die Socke auch an Frauen im Rotlichtmilieu verschenken \u2013 als sichtbaren Zuspruch und Zeichen echter Wertsch\u00e4tzung.<\/span><span data-ccp-props=\"{&quot;134233117&quot;:false,&quot;134233118&quot;:false,&quot;335551550&quot;:0,&quot;335551620&quot;:0,&quot;335559738&quot;:240,&quot;335559739&quot;:240}\">\u00a0<\/span><\/p>\n<p><b><span data-contrast=\"auto\">Ein Paar Socken, eine klare Botschaft \u2013 f\u00fcr dich, f\u00fcr andere, f\u00fcr mehr Menschlichkeit.<\/span><\/b><span data-ccp-props=\"{&quot;134233117&quot;:false,&quot;134233118&quot;:false,&quot;335551550&quot;:0,&quot;335551620&quot;:0,&quot;335559738&quot;:240,&quot;335559739&quot;:240}\">\u00a0<\/span><\/p>\n<p><b><span data-contrast=\"auto\">Mehr Infos \u00fcber beloved.design findest Du hier:<\/span><\/b><span data-ccp-props=\"{&quot;134233117&quot;:false,&quot;134233118&quot;:false,&quot;335551550&quot;:0,&quot;335551620&quot;:0,&quot;335559738&quot;:240,&quot;335559739&quot;:240}\">\u00a0<\/span><\/p>\n<p><a href=\"https:\/\/beloved.design\/\"><span data-contrast=\"none\">BELOVED: Achtsame und nachhaltige Mode mit christlichen Wurzeln \u2013 beloved.design<\/span><\/a><span data-ccp-props=\"{&quot;134233117&quot;:false,&quot;134233118&quot;:false,&quot;335551550&quot;:0,&quot;335551620&quot;:0,&quot;335559738&quot;:240,&quot;335559739&quot;:240}\">\u00a0<\/span><\/p>\n<p><span data-contrast=\"auto\">Fair und nachhaltig in Portugal produziert. <\/span><span data-ccp-props=\"{&quot;134233117&quot;:false,&quot;134233118&quot;:false,&quot;335551550&quot;:0,&quot;335551620&quot;:0,&quot;335559738&quot;:240,&quot;335559739&quot;:240}\">\u00a0<\/span><\/p>\n<p>Material: 80% Baumwolle, 17% Polamid, 3% Elasthan<\/p>\n<p>Das Porto ist bereits im Preis enthalten.<\/p>\n<p>&nbsp;<\/p>\n","protected":false},"excerpt":{"rendered":"<p><b><span data-contrast=\"auto\">Ich bin geliebt.<\/span><\/b><span data-ccp-props=\"{&quot;134233117&quot;:false,&quot;134233118&quot;:false,&quot;335551550&quot;:0,&quot;335551620&quot;:0,&quot;335559738&quot;:240,&quot;335559739&quot;:240}\">\u00a0<\/span><\/p>\n<p><span class=\"TextRun SCXW223688682 BCX8\" lang=\"DE-DE\" xml:lang=\"DE-DE\" data-contrast=\"auto\"><span class=\"NormalTextRun SCXW223688682 BCX8\">Ein Paar Socken, eine klare Botschaft \u2013 f\u00fcr dich, f\u00fcr andere, f\u00fcr mehr Menschlichkeit.<\/span><\/span><span class=\"EOP SCXW223688682 BCX8\" data-ccp-props=\"{&quot;134233117&quot;:false,&quot;134233118&quot;:false,&quot;335551550&quot;:0,&quot;335551620&quot;:0,&quot;335559738&quot;:240,&quot;335559739&quot;:240}\">\u00a0<\/span><\/p>\n<p>In Kooperation mit dem Label beloved.design<\/p>\n","protected":false},"featured_media":10020,"template":"","meta":[],"product_brand":[],"product_cat":[88],"product_tag":[],"class_list":{"0":"post-9927","1":"product","2":"type-product","3":"status-publish","4":"has-post-thumbnail","6":"product_cat-kleidung","8":"first","9":"outofstock","10":"shipping-taxable","11":"purchasable","12":"product-type-variable"},"yoast_head":"<!-- This site is optimized with the Yoast SEO plugin v27.2 - https:\/\/yoast.com\/product\/yoast-seo-wordpress\/ -->\n<title>&quot;Ich bin geliebt&quot; Socken &#8211; Mission Freedom<\/title>\n<meta name=\"robots\" content=\"index, follow, max-snippet:-1, max-image-preview:large, max-video-preview:-1\" \/>\n<link rel=\"canonical\" href=\"https:\/\/mission-freedom.de\/shop\/ich-bin-geliebt-socken\/\" \/>\n<meta property=\"og:locale\" content=\"en_US\" \/>\n<meta property=\"og:type\" content=\"article\" \/>\n<meta property=\"og:title\" content=\"&quot;Ich bin geliebt&quot; Socken &#8211; Mission Freedom\" \/>\n<meta property=\"og:description\" content=\"Ich bin geliebt.\u00a0  Ein Paar Socken, eine klare Botschaft \u2013 f\u00fcr dich, f\u00fcr andere, f\u00fcr mehr Menschlichkeit.\u00a0  In Kooperation mit dem Label beloved.design\" \/>\n<meta property=\"og:url\" content=\"https:\/\/mission-freedom.de\/shop\/ich-bin-geliebt-socken\/\" \/>\n<meta property=\"og:site_name\" content=\"Mission Freedom\" \/>\n<meta property=\"article:modified_time\" content=\"2026-03-31T15:33:04+00:00\" \/>\n<meta property=\"og:image\" content=\"https:\/\/mission-freedom.de\/wp-content\/uploads\/2025\/07\/socken-fussboden-scaled.jpg\" \/>\n\t<meta property=\"og:image:width\" content=\"1536\" \/>\n\t<meta property=\"og:image:height\" content=\"2048\" \/>\n\t<meta property=\"og:image:type\" content=\"image\/jpeg\" \/>\n<meta name=\"twitter:card\" content=\"summary_large_image\" \/>\n<meta name=\"twitter:label1\" content=\"Est. reading time\" \/>\n\t<meta name=\"twitter:data1\" content=\"1 minute\" \/>\n<script type=\"application\/ld+json\" class=\"yoast-schema-graph\">{\"@context\":\"https:\/\/schema.org\",\"@graph\":[{\"@type\":\"WebPage\",\"@id\":\"https:\/\/mission-freedom.de\/shop\/ich-bin-geliebt-socken\/\",\"url\":\"https:\/\/mission-freedom.de\/shop\/ich-bin-geliebt-socken\/\",\"name\":\"\\\"Ich bin geliebt\\\" Socken &#8211; Mission Freedom\",\"isPartOf\":{\"@id\":\"https:\/\/mission-freedom.de\/#website\"},\"primaryImageOfPage\":{\"@id\":\"https:\/\/mission-freedom.de\/shop\/ich-bin-geliebt-socken\/#primaryimage\"},\"image\":{\"@id\":\"https:\/\/mission-freedom.de\/shop\/ich-bin-geliebt-socken\/#primaryimage\"},\"thumbnailUrl\":\"https:\/\/mission-freedom.de\/wp-content\/uploads\/2025\/07\/socken-fussboden-scaled.jpg\",\"datePublished\":\"2025-09-24T15:47:13+00:00\",\"dateModified\":\"2026-03-31T15:33:04+00:00\",\"breadcrumb\":{\"@id\":\"https:\/\/mission-freedom.de\/shop\/ich-bin-geliebt-socken\/#breadcrumb\"},\"inLanguage\":\"en-US\",\"potentialAction\":[{\"@type\":\"ReadAction\",\"target\":[\"https:\/\/mission-freedom.de\/shop\/ich-bin-geliebt-socken\/\"]}]},{\"@type\":\"ImageObject\",\"inLanguage\":\"en-US\",\"@id\":\"https:\/\/mission-freedom.de\/shop\/ich-bin-geliebt-socken\/#primaryimage\",\"url\":\"https:\/\/mission-freedom.de\/wp-content\/uploads\/2025\/07\/socken-fussboden-scaled.jpg\",\"contentUrl\":\"https:\/\/mission-freedom.de\/wp-content\/uploads\/2025\/07\/socken-fussboden-scaled.jpg\",\"width\":1536,\"height\":2048},{\"@type\":\"BreadcrumbList\",\"@id\":\"https:\/\/mission-freedom.de\/shop\/ich-bin-geliebt-socken\/#breadcrumb\",\"itemListElement\":[{\"@type\":\"ListItem\",\"position\":1,\"name\":\"Home\",\"item\":\"https:\/\/mission-freedom.de\/\"},{\"@type\":\"ListItem\",\"position\":2,\"name\":\"Shop\",\"item\":\"https:\/\/mission-freedom.de\/shop\/\"},{\"@type\":\"ListItem\",\"position\":3,\"name\":\"&#8222;Ich bin geliebt&#8220; Socken\"}]},{\"@type\":\"WebSite\",\"@id\":\"https:\/\/mission-freedom.de\/#website\",\"url\":\"https:\/\/mission-freedom.de\/\",\"name\":\"Mission Freedom\",\"description\":\"\",\"publisher\":{\"@id\":\"https:\/\/mission-freedom.de\/#organization\"},\"potentialAction\":[{\"@type\":\"SearchAction\",\"target\":{\"@type\":\"EntryPoint\",\"urlTemplate\":\"https:\/\/mission-freedom.de\/?s={search_term_string}\"},\"query-input\":{\"@type\":\"PropertyValueSpecification\",\"valueRequired\":true,\"valueName\":\"search_term_string\"}}],\"inLanguage\":\"en-US\"},{\"@type\":\"Organization\",\"@id\":\"https:\/\/mission-freedom.de\/#organization\",\"name\":\"MISSION FREEDOM e.V.\",\"url\":\"https:\/\/mission-freedom.de\/\",\"logo\":{\"@type\":\"ImageObject\",\"inLanguage\":\"en-US\",\"@id\":\"https:\/\/mission-freedom.de\/#\/schema\/logo\/image\/\",\"url\":\"https:\/\/mission-freedom.de\/wp-content\/uploads\/2021\/09\/logo-mission-freedom.jpg\",\"contentUrl\":\"https:\/\/mission-freedom.de\/wp-content\/uploads\/2021\/09\/logo-mission-freedom.jpg\",\"width\":401,\"height\":254,\"caption\":\"MISSION FREEDOM e.V.\"},\"image\":{\"@id\":\"https:\/\/mission-freedom.de\/#\/schema\/logo\/image\/\"}}]}<\/script>\n<!-- \/ Yoast SEO plugin. -->","yoast_head_json":{"title":"\"Ich bin geliebt\" Socken &#8211; Mission Freedom","robots":{"index":"index","follow":"follow","max-snippet":"max-snippet:-1","max-image-preview":"max-image-preview:large","max-video-preview":"max-video-preview:-1"},"canonical":"https:\/\/mission-freedom.de\/shop\/ich-bin-geliebt-socken\/","og_locale":"en_US","og_type":"article","og_title":"\"Ich bin geliebt\" Socken &#8211; Mission Freedom","og_description":"Ich bin geliebt.\u00a0  Ein Paar Socken, eine klare Botschaft \u2013 f\u00fcr dich, f\u00fcr andere, f\u00fcr mehr Menschlichkeit.\u00a0  In Kooperation mit dem Label beloved.design","og_url":"https:\/\/mission-freedom.de\/shop\/ich-bin-geliebt-socken\/","og_site_name":"Mission Freedom","article_modified_time":"2026-03-31T15:33:04+00:00","og_image":[{"width":1536,"height":2048,"url":"https:\/\/mission-freedom.de\/wp-content\/uploads\/2025\/07\/socken-fussboden-scaled.jpg","type":"image\/jpeg"}],"twitter_card":"summary_large_image","twitter_misc":{"Est. reading time":"1 minute"},"schema":{"@context":"https:\/\/schema.org","@graph":[{"@type":"WebPage","@id":"https:\/\/mission-freedom.de\/shop\/ich-bin-geliebt-socken\/","url":"https:\/\/mission-freedom.de\/shop\/ich-bin-geliebt-socken\/","name":"\"Ich bin geliebt\" Socken &#8211; Mission Freedom","isPartOf":{"@id":"https:\/\/mission-freedom.de\/#website"},"primaryImageOfPage":{"@id":"https:\/\/mission-freedom.de\/shop\/ich-bin-geliebt-socken\/#primaryimage"},"image":{"@id":"https:\/\/mission-freedom.de\/shop\/ich-bin-geliebt-socken\/#primaryimage"},"thumbnailUrl":"https:\/\/mission-freedom.de\/wp-content\/uploads\/2025\/07\/socken-fussboden-scaled.jpg","datePublished":"2025-09-24T15:47:13+00:00","dateModified":"2026-03-31T15:33:04+00:00","breadcrumb":{"@id":"https:\/\/mission-freedom.de\/shop\/ich-bin-geliebt-socken\/#breadcrumb"},"inLanguage":"en-US","potentialAction":[{"@type":"ReadAction","target":["https:\/\/mission-freedom.de\/shop\/ich-bin-geliebt-socken\/"]}]},{"@type":"ImageObject","inLanguage":"en-US","@id":"https:\/\/mission-freedom.de\/shop\/ich-bin-geliebt-socken\/#primaryimage","url":"https:\/\/mission-freedom.de\/wp-content\/uploads\/2025\/07\/socken-fussboden-scaled.jpg","contentUrl":"https:\/\/mission-freedom.de\/wp-content\/uploads\/2025\/07\/socken-fussboden-scaled.jpg","width":1536,"height":2048},{"@type":"BreadcrumbList","@id":"https:\/\/mission-freedom.de\/shop\/ich-bin-geliebt-socken\/#breadcrumb","itemListElement":[{"@type":"ListItem","position":1,"name":"Home","item":"https:\/\/mission-freedom.de\/"},{"@type":"ListItem","position":2,"name":"Shop","item":"https:\/\/mission-freedom.de\/shop\/"},{"@type":"ListItem","position":3,"name":"&#8222;Ich bin geliebt&#8220; Socken"}]},{"@type":"WebSite","@id":"https:\/\/mission-freedom.de\/#website","url":"https:\/\/mission-freedom.de\/","name":"Mission Freedom","description":"","publisher":{"@id":"https:\/\/mission-freedom.de\/#organization"},"potentialAction":[{"@type":"SearchAction","target":{"@type":"EntryPoint","urlTemplate":"https:\/\/mission-freedom.de\/?s={search_term_string}"},"query-input":{"@type":"PropertyValueSpecification","valueRequired":true,"valueName":"search_term_string"}}],"inLanguage":"en-US"},{"@type":"Organization","@id":"https:\/\/mission-freedom.de\/#organization","name":"MISSION FREEDOM e.V.","url":"https:\/\/mission-freedom.de\/","logo":{"@type":"ImageObject","inLanguage":"en-US","@id":"https:\/\/mission-freedom.de\/#\/schema\/logo\/image\/","url":"https:\/\/mission-freedom.de\/wp-content\/uploads\/2021\/09\/logo-mission-freedom.jpg","contentUrl":"https:\/\/mission-freedom.de\/wp-content\/uploads\/2021\/09\/logo-mission-freedom.jpg","width":401,"height":254,"caption":"MISSION FREEDOM e.V."},"image":{"@id":"https:\/\/mission-freedom.de\/#\/schema\/logo\/image\/"}}]}},"_links":{"self":[{"href":"https:\/\/mission-freedom.de\/en\/wp-json\/wp\/v2\/product\/9927","targetHints":{"allow":["GET"]}}],"collection":[{"href":"https:\/\/mission-freedom.de\/en\/wp-json\/wp\/v2\/product"}],"about":[{"href":"https:\/\/mission-freedom.de\/en\/wp-json\/wp\/v2\/types\/product"}],"wp:featuredmedia":[{"embeddable":true,"href":"https:\/\/mission-freedom.de\/en\/wp-json\/wp\/v2\/media\/10020"}],"wp:attachment":[{"href":"https:\/\/mission-freedom.de\/en\/wp-json\/wp\/v2\/media?parent=9927"}],"wp:term":[{"taxonomy":"product_brand","embeddable":true,"href":"https:\/\/mission-freedom.de\/en\/wp-json\/wp\/v2\/product_brand?post=9927"},{"taxonomy":"product_cat","embeddable":true,"href":"https:\/\/mission-freedom.de\/en\/wp-json\/wp\/v2\/product_cat?post=9927"},{"taxonomy":"product_tag","embeddable":true,"href":"https:\/\/mission-freedom.de\/en\/wp-json\/wp\/v2\/product_tag?post=9927"}],"curies":[{"name":"wp","href":"https:\/\/api.w.org\/{rel}","templated":true}]}}